{"id":44,"date":"2026-03-01T09:14:12","date_gmt":"2026-03-01T09:14:12","guid":{"rendered":"https:\/\/msdizajn.wasmer.app\/?page_id=44"},"modified":"2026-03-02T21:17:58","modified_gmt":"2026-03-02T21:17:58","slug":"o-nama","status":"publish","type":"page","link":"https:\/\/www.msdizajn.com\/index.php\/o-nama\/","title":{"rendered":"O Nama"},"content":{"rendered":"\n<h2 class=\"wp-block-heading\">O nama<\/h2>\n\n\n\n<p>MS dizajn je studio za dizajniranje i projektovanje enterijera. Specijalizovani smo za idejne i izvo\u0111a\u010dke projekte ure\u0111enja unutra\u0161njih stambenih i poslovnih prostora. Nudimo usluge od ideje do realizacije.\u00a0<br>U sklopu projekta enterijera dobijate fotorealisti\u010dne rendere i animacije koje Vam poma\u017eu da sagledate kako \u0107e Va\u0161 prostor da izgleda nakon realizacije.<br>Za svaki prostor i projekat imamo individualni pristup.\u00a0Dizajniramo enterijer u skladu sa Va\u0161im navikama, potrebama i \u017eeljama.<br>Kroz na\u0161e prijedloge dobijate projekat koji odra\u017eava Va\u0161 karakter i koji je prilago\u0111en krajnjem korisniku.<\/p>\n\n\n\n<p><\/p>\n\n\n\n<h2 class=\"wp-block-heading\">Usluge koje nudimo<\/h2>\n","protected":false},"excerpt":{"rendered":"<p>O nama MS dizajn je studio za dizajniranje i projektovanje enterijera. Specijalizovani smo za idejne i izvo\u0111a\u010dke projekte ure\u0111enja unutra\u0161njih stambenih i poslovnih prostora. Nudimo usluge od ideje do realizacije.\u00a0U sklopu projekta enterijera dobijate fotorealisti\u010dne rendere i animacije koje Vam poma\u017eu da sagledate kako \u0107e Va\u0161 prostor da izgleda nakon realizacije.Za svaki prostor i projekat [&hellip;]<\/p>\n","protected":false},"author":1,"featured_media":0,"parent":0,"menu_order":0,"comment_status":"closed","ping_status":"closed","template":"page-about.php","meta":{"footnotes":""},"class_list":["post-44","page","type-page","status-publish","hentry"],"_links":{"self":[{"href":"https:\/\/www.msdizajn.com\/index.php\/wp-json\/wp\/v2\/pages\/44","targetHints":{"allow":["GET"]}}],"collection":[{"href":"https:\/\/www.msdizajn.com\/index.php\/wp-json\/wp\/v2\/pages"}],"about":[{"href":"https:\/\/www.msdizajn.com\/index.php\/wp-json\/wp\/v2\/types\/page"}],"author":[{"embeddable":true,"href":"https:\/\/www.msdizajn.com\/index.php\/wp-json\/wp\/v2\/users\/1"}],"replies":[{"embeddable":true,"href":"https:\/\/www.msdizajn.com\/index.php\/wp-json\/wp\/v2\/comments?post=44"}],"version-history":[{"count":0,"href":"https:\/\/www.msdizajn.com\/index.php\/wp-json\/wp\/v2\/pages\/44\/revisions"}],"wp:attachment":[{"href":"https:\/\/www.msdizajn.com\/index.php\/wp-json\/wp\/v2\/media?parent=44"}],"curies":[{"name":"wp","href":"https:\/\/api.w.org\/{rel}","templated":true}]}}